{"id":23,"date":"2015-07-16T20:19:15","date_gmt":"2015-07-16T20:19:15","guid":{"rendered":"http:\/\/hoplon.hr\/?page_id=23"},"modified":"2015-07-16T20:38:45","modified_gmt":"2015-07-16T20:38:45","slug":"naslovnica","status":"publish","type":"page","link":"https:\/\/hoplon.hr\/","title":{"rendered":"Naslovnica"},"content":{"rendered":"<p>Hoplolo\u0161ko Dru\u0161tvo nije samo klub prakti\u010dnog strelja\u0161tva, nego i udruga gra\u0111ana kojoj je primarni cilj prenijeti \u010dlanovima i svim zainteresiranima kulturu pravilne uporabe vatrenog oru\u017eja, te borba za pravo na dr\u017eanje, no\u0161enje i kori\u0161tenje oru\u017eja u svrhu sporta, lova, kolekcionarstva i osobne samoobrane za sve one gra\u0111ane koji udovoljavaju zakonskim uvjetima za dobivanje nabavne dozvole za vatreno oru\u017eje. Dru\u0161tvo se zala\u017ee za liberalniji Zakon o oru\u017eju koji ne\u0107e prejudicirati ne\u010diju krivnju prije pravomo\u0107ne presude (\u0161to je zagarantirano Ustavom RH a postoje\u0107i Zakon o oru\u017eje to ne po\u0161tuje, ve\u0107 to ustavno pravo kr\u0161i), za zakon koji \u0107e legalnim posjednicima starog i kolekcionarskog oru\u017eja omogu\u0107iti natjecanja sa takvim oru\u017ejem, a sportskim strijelcima omogu\u0107iti nesmetano bavljenje strelja\u010dkim sportskim disciplinama na mjestima koja su po svojoj vokaciji sigurna, kao biv\u0161i i aktivni kamenolomi, \u0161ljun\u010dare i sli\u010dna mjesta, koja se u Europskim zemljama poput Slovenije i Italije koriste za prakti\u010dno strelja\u0161tvo, a \u0161to postoje\u0107i zakon u RH ne dozvoljava. Treba navesti i apsurdne odredbe postoje\u0107eg zakona o oru\u017eju koje omogu\u0107uju nabavu sportskog oru\u017eja osobama KOJE SE AKTIVNO BAVE STRELJA\u0160TVOM. Onaj tko se \u017eeli po\u010deti aktivno baviti strelja\u0161tvom to ne mo\u017ee u\u010diniti niti dobiti nabavnu dozvolu za oru\u017eje s kojim bi se mogao natjecati jer se aktivno ne natje\u010de, a to ne mo\u017ee ako nema oru\u017eje??<\/p>\n<p>Vizija:<\/p>\n<p>1. posjednicima i korisnicima oru\u017eja pove\u0107ati stupanj odgovornosti, svijesti<br \/>\ni savjesti u svezi smanjenja nesretnih slu\u010dajeva pri uporabi oru\u017eja i<br \/>\nsprje\u010davanja njegove zlouporabe<br \/>\n2. istima ukazati na pove\u0107anu odgovornost prema dru\u0161tvenoj zajednici koja im<br \/>\nje omogu\u0107ila pravo na dr\u017eanje i kori\u0161tenje oru\u017eja<br \/>\n3. budu\u0107im posjednicima i korisnicima oru\u017eja te ostalim gra\u0111anima predo\u010diti<br \/>\nnu\u017ene mjere sigurnosti pri uporabi vatrenog oru\u017eja<br \/>\n4. vo\u0111enje brige o za\u0161titi oru\u017ene ba\u0161tine, osobito povijesnih, kulturolo\u0161kih<br \/>\ni umjetni\u010dkih primjeraka<\/p>\n","protected":false},"excerpt":{"rendered":"<p>Hoplolo\u0161ko Dru\u0161tvo nije samo klub prakti\u010dnog strelja\u0161tva, nego i udruga gra\u0111ana kojoj je primarni cilj prenijeti \u010dlanovima i svim zainteresiranima kulturu pravilne uporabe vatrenog oru\u017eja, te borba za pravo na dr\u017eanje, no\u0161enje i kori\u0161tenje oru\u017eja u svrhu sporta, lova, kolekcionarstva &hellip; <a href=\"https:\/\/hoplon.hr\/\">Continue reading <span class=\"meta-nav\">&rarr;<\/span><\/a><\/p>\n","protected":false},"author":1,"featured_media":0,"parent":0,"menu_order":0,"comment_status":"closed","ping_status":"closed","template":"","meta":[],"_links":{"self":[{"href":"https:\/\/hoplon.hr\/index.php\/wp-json\/wp\/v2\/pages\/23"}],"collection":[{"href":"https:\/\/hoplon.hr\/index.php\/wp-json\/wp\/v2\/pages"}],"about":[{"href":"https:\/\/hoplon.hr\/index.php\/wp-json\/wp\/v2\/types\/page"}],"author":[{"embeddable":true,"href":"https:\/\/hoplon.hr\/index.php\/wp-json\/wp\/v2\/users\/1"}],"replies":[{"embeddable":true,"href":"https:\/\/hoplon.hr\/index.php\/wp-json\/wp\/v2\/comments?post=23"}],"version-history":[{"count":3,"href":"https:\/\/hoplon.hr\/index.php\/wp-json\/wp\/v2\/pages\/23\/revisions"}],"predecessor-version":[{"id":35,"href":"https:\/\/hoplon.hr\/index.php\/wp-json\/wp\/v2\/pages\/23\/revisions\/35"}],"wp:attachment":[{"href":"https:\/\/hoplon.hr\/index.php\/wp-json\/wp\/v2\/media?parent=23"}],"curies":[{"name":"wp","href":"https:\/\/api.w.org\/{rel}","templated":true}]}}